{"id":959536,"date":"2026-03-17T12:52:30","date_gmt":"2026-03-17T11:52:30","guid":{"rendered":"https:\/\/reitermerch.cudgel.de\/produkt\/die-apokalyptischen-reiter-freie-republik-reitermania-fanbox-osterdeal\/"},"modified":"2026-04-14T15:29:03","modified_gmt":"2026-04-14T13:29:03","slug":"die-apokalyptischen-reiter-freie-republik-reitermania-fanbox-osterdeal","status":"publish","type":"product","link":"https:\/\/reitermerch.cudgel.de\/en\/produkt\/die-apokalyptischen-reiter-freie-republik-reitermania-fanbox-osterdeal\/","title":{"rendered":"DIE APOKALYPTISCHEN REITER &#8211; freie republik reitermania FANBOX"},"content":{"rendered":"<p>Sei Teil der Reitermania!!!!<\/p>\n<p>Zum 30-j\u00e4hrigen Bestehen ver\u00f6ffentlichen DIE APOKALYPTISCHEN REITER mit FREIE REPUBLIK REITERMANIA ein umfangreiches Jubil\u00e4umswerk, das ausschlie\u00dflich in dieser auf 500 Exemplare limitierten Fanbox erh\u00e4ltlich ist.<\/p>\n<p>Die Edition enth\u00e4lt vier 12&#8243;-Vinyl-Schallplatten. 21 neue oder bislang unver\u00f6ffentlichte Songs, Live-und Akustik-Klassiker mit \u00fcber 87 Minuten Spielzeit. Die vier Vinyls bilden gemeinsam ein 60 x 60 cm gro\u00dfes Artwork, das zugleich als Spielfeld f\u00fcr ein beiliegendes Aktionsspiel. Das Quiz- und W\u00fcrfelspiel f\u00fchrt durch drei Dekaden Reitermania &#8211; gespickt mit 100 ikonischen Fragen, wilden Aktionsfeldern und legend\u00e4ren Momenten. Zum Lieferumfang geh\u00f6ren Spielfiguren aus Zinn (Krieg, Tod, Pest, Hungernot), welche von einem italienischen K\u00fcnstler in Handarbeit hergestellt wurden.<\/p>\n<p>Die Ehrenb\u00fcrgerschaft der Freien Republik Reitermania<\/p>\n<p>Mit dieser Box wirst du nicht nur Zeuge eines Jubil\u00e4ums &#8211; du wirst Teil einer Republik.<\/p>\n<p>Ein B\u00fcrger. Ein Reitermaniac. Mit Rechten. Mit W\u00fcrde. Mit einem Ausweis im Herzen der Rebellion.<\/p>\n<p>Jede Box ist einzeln nummeriert, zertifiziert, von der Band signiert.<\/p>\n<p>Deine republikanische Ausr\u00fcstung umfasst:<\/p>\n<p>Die offizielle Mitgliedsurkunde &#8211; f\u00fcr die Ewigkeit.<\/p>\n<p>Den Reisepass der Freien Republik &#8211; auf jedem Konzert abstempelbar.<\/p>\n<p>Die Verfassung &#8211; das heilige Dokument unserer Bewegung.<\/p>\n<p>5 Reitermaniacs &#8211; offizielle W\u00e4hrung auf Reiter-Headliner-Shows. Direkt eintauschbar. Ohne Umrechnung. Ohne Ausrede.<\/p>\n<p>Die Songs von FREIE REPUBLIK REITERMANIA<\/p>\n<p>Teil I: Der Freiheit Vaterland<\/p>\n<p>Das gleichnamige Opus er\u00f6ffnet mit \u00fcber zehn Minuten epischer Intensit\u00e4t:<br \/>\nEin Soundgewitter aus Pathos, Kraft und Poesie. Monumentale Melodien und tiefsch\u00fcrfende Zeilen verdichten die Vision der Freien Republik Reitermania in einem einzigen Track.<\/p>\n<p>Teil II: Rache an der Wirklichkeit<\/p>\n<p>Vier neue Songs &#8211; geladen mit Glut, Groll und Sehnsucht. Der Titelsong st\u00fcrmt wie ein entfesseltes Ross voran und stampft alles Gewesene nieder, w\u00e4hrend &#8216;Wei\u00dfe Pferde&#8217;, die ultimative Sehnsuchtsbalade, sogar etwas S\u00fcdseefeeling aufkommen l\u00e4sst. &#8220;Ich bin dein Freund&#8221;- schmissig in Reiter-Manier wird das Leben gefeiert. Ein Saxophon, eine g\u00f6ttliche Melodie und die Herrlichkeit der Welt geh\u00f6rt dir. &#8220;Wir sind, weil ihr seid&#8221; &#8211; Heavy Metal at it&#8217;s best! Die Reiter verneigen sich vor ihren Fans. Unsterblich und unererreicht!<\/p>\n<p>Teil III: Die Schatzinsel<\/p>\n<p>Ein Blick in das verborgene Herz der Reiter-Vergangenheit: Sechs bislang unver\u00f6ffentlichte Perlen aus dem Archiv &#8211; von der ber\u00fchrenden Akustikversion &#8220;Erhelle meine Seele&#8221; bis zum technoiden Remix von &#8220;Die Sonne scheint&#8221;. Mit &#8220;Danke&#8221; z\u00fcnden die Reiter den Sommerhit, &#8220;Es wird schlimmer (Live)&#8221; beschlie\u00dft dieses Kapitel als d\u00fcsteres Statement.<\/p>\n<p>Teil IV: Die Wanderer<\/p>\n<p>Die Reiter unplugged &#8211; nah und unverstellt. Ein vollst\u00e4ndiges Akustikset, das tief ins Herz reicht. Gef\u00fchlvolle Versionen von &#8216;Das Paradies&#8217; und &#8216;Terra Nola&#8217; zeigen die stillere Seite der Band. Unerwartete Glanzlichter: charmante Neuinterpretationen von &#8216;Dschinghis Khan&#8217; und &#8216;Ghostriders in the Sky&#8217;. Ein leiser Nachhall &#8211; sensibel und kraftvoll zugleich, der Soundtrack f\u00fcr den Ritt durch die D\u00e4mmerung.<\/p>\n<p>Freie Republik Reitermania erscheint ausschlie\u00dflich \u00fcber den offiziellen Bandshop.<\/p>\n<p>TRACKLIST<\/p>\n<p>I &#8211; DER FREIHEIT VATERLAND<\/p>\n<p>01. Der Freiheit Vaterland (10:55)<\/p>\n<p>II &#8211; RACHE AN DER WIRKLICHKEIT<\/p>\n<p>02. Rache an der Wirklichkeit (3:37)<br \/>\n03. Wei\u00dfe Pferde (3:55)<br \/>\n04. Ich bin dein Freund (2:54)<br \/>\n05. Wir sind, weil ihr seid (5:04)<\/p>\n<p>III &#8211; DIE SCHATZINSEL<\/p>\n<p>06. Danke (4:29)<br \/>\n07. Die Sonne scheint (Remix) (3:22)<br \/>\n08. Das kleine Spie\u00dferlein (2:43)<br \/>\n09. Erhelle meine Seele (Acoustic) (3:55)<br \/>\n10. Komm (Acoustic) (2:48)<br \/>\n11. Es wird schlimmer (Live Hamburg) (4:16)<\/p>\n<p>IV &#8211; DIE WANDERER<\/p>\n<p>12. Terra Nola (Live Acoustic) (5:00)<br \/>\n13. Es wird schlimmer (Live Acoustic) (3:13)<br \/>\n14. Wo es dich gibt (Live Acoustic) (4:31)<br \/>\n15. Die Leidenschaft (Live Acoustic) (3:55)<br \/>\n16. Ein liebes Lied (Live Acoustic) (3:18)<br \/>\n17. Ein leichtes M\u00e4dchen (Live Acoustic) (4:21)<br \/>\n18. Das Paradies (Live Acoustic) (4:39)<br \/>\n19. Friede Sei Mit Dir (Live Acoustic) (3:09)<br \/>\n20. Ghostriders In The Sky (Live Acoustic) (3:53)<br \/>\n21. Dschinghis Khan (Live Acoustic) (3:00)<\/p>\n<p>(total playing time: 87:08 min.)<\/p>\n<p><strong>Genres:<\/strong> Reiter Metal<\/p>\n<p><strong>GPSR Information:<\/strong><br \/>Manufacturer:<br \/>\nWar Anthem Records<br \/>\nSchwanseestra\u00dfe 20; 99423 Weimar, Germany<br \/>\nshop(at)cudgel.de<br \/>\nContact Person: T. Giersberg<\/p>\n","protected":false},"excerpt":{"rendered":"<p>Sei Teil der Reitermania!!!! Zum 30-j\u00e4hrigen Bestehen ver\u00f6ffentlichen DIE APOKALYPTISCHEN REITER mit FREIE REPUBLIK REITERMANIA ein umfangreiches Jubil\u00e4umswerk, das ausschlie\u00dflich in dieser auf 500 Exemplare limitierten Fanbox erh\u00e4ltlich ist. Die Edition enth\u00e4lt vier 12&#8243;-Vinyl-Schallplatten. 21 neue oder bislang unver\u00f6ffentlichte Songs, Live-und Akustik-Klassiker mit \u00fcber 87 Minuten Spielzeit. Die vier Vinyls bilden gemeinsam ein 60 x [&#8230;]\n","protected":false},"featured_media":961462,"comment_status":"open","ping_status":"closed","template":"","meta":{"_expiration-date-status":"","_expiration-date":0,"_expiration-date-type":"","_expiration-date-categories":[],"_expiration-date-options":[]},"product_cat":[7812],"product_tag":[],"_links":{"self":[{"href":"https:\/\/reitermerch.cudgel.de\/en\/wp-json\/wp\/v2\/product\/959536"}],"collection":[{"href":"https:\/\/reitermerch.cudgel.de\/en\/wp-json\/wp\/v2\/product"}],"about":[{"href":"https:\/\/reitermerch.cudgel.de\/en\/wp-json\/wp\/v2\/types\/product"}],"replies":[{"embeddable":true,"href":"https:\/\/reitermerch.cudgel.de\/en\/wp-json\/wp\/v2\/comments?post=959536"}],"wp:featuredmedia":[{"embeddable":true,"href":"https:\/\/reitermerch.cudgel.de\/en\/wp-json\/wp\/v2\/media\/961462"}],"wp:attachment":[{"href":"https:\/\/reitermerch.cudgel.de\/en\/wp-json\/wp\/v2\/media?parent=959536"}],"wp:term":[{"taxonomy":"product_cat","embeddable":true,"href":"https:\/\/reitermerch.cudgel.de\/en\/wp-json\/wp\/v2\/product_cat?post=959536"},{"taxonomy":"product_tag","embeddable":true,"href":"https:\/\/reitermerch.cudgel.de\/en\/wp-json\/wp\/v2\/product_tag?post=959536"}],"curies":[{"name":"wp","href":"https:\/\/api.w.org\/{rel}","templated":true}]}}