{"id":93,"date":"2013-08-11T19:22:53","date_gmt":"2013-08-11T19:22:53","guid":{"rendered":"http:\/\/localhost:8888\/test\/?page_id=532"},"modified":"2021-07-07T15:26:27","modified_gmt":"2021-07-07T13:26:27","slug":"contact","status":"publish","type":"page","link":"https:\/\/reitermerch.cudgel.de\/en\/elements\/pages\/contact\/","title":{"rendered":"Contact"},"content":{"rendered":"\n  <div id=\"page-header-3298639\" class=\"page-header-wrapper\">\n  <div class=\"page-title dark featured-title\">\n\n    \n    <div class=\"page-title-inner container align-center flex-row medium-flex-wrap\" >\n              <div class=\"title-wrapper flex-col text-left medium-text-center\">\n          <h1 class=\"entry-title mb-0\">\n            Contact          <\/h1>\n        <\/div>\n                    <div class=\"title-content flex-col flex-right text-right medium-text-center\">\n        <ul class=\"nav sm-touch-scroll nav-line nav-uppercase text-left nav-left\"><li class=\"nav-single-page hidden\"><\/li><\/ul>      <\/div>\n    <\/div>\n\n     \n<style>\n#page-header-3298639 {\n  margin-bottom: 50px;\n}\n<\/style>\n  <\/div>\n    <\/div>\n  \n\n<div class=\"row\"  id=\"row-2000412348\">\n\n\n\t<div id=\"col-655708169\" class=\"col medium-4 large-4\"  >\n\t\t\t\t<div class=\"col-inner\"  >\n\t\t\t\n\t\t\t\n\n<p>cudgel<br>Schwanseestra\u00dfe 20<br>99423 Weimar<br>Deutschland<br>Telefon: +49 (0) 3643 495 300<br>Telefax: +40 (0) 3643 495 3028<br>E-Mail: webshop@cudgel.de<\/p>\n\n\t\t<\/div>\n\t\t\t\t\t<\/div>\n\n\t\n\n\t<div id=\"col-731954440\" class=\"col medium-4 large-4\"  >\n\t\t\t\t<div class=\"col-inner\"  >\n\t\t\t\n\t\t\t\n\n<p>cudgel &#8211; H\u00e4ndlerkontakt<br>J\u00f6rg Brauns<br>Schwanseestra\u00dfe 20<br>99423 Weimar<br>Deutschland<br>Telefon: +49 (0) 3643 495 3012<br>Telefax: +49 (0) 3643 495 3028<br>E-Mail: wholesale@cudgel.de<\/p>\n\n\t\t<\/div>\n\t\t\t\t\t<\/div>\n\n\t\n\n<\/div>\n<div class=\"row\"  id=\"row-1857113667\">\n\n\n\t<div id=\"col-177372139\" class=\"col medium-6 large-6\"  >\n\t\t\t\t<div class=\"col-inner\"  >\n\t\t\t\n\t\t\t\n\n\n\n\t\t<\/div>\n\t\t\t\t\t<\/div>\n\n\t\n\n<\/div>\n<p>&nbsp;<\/p>\n","protected":false},"excerpt":{"rendered":"<p>&nbsp;<\/p>\n","protected":false},"author":1,"featured_media":0,"parent":49,"menu_order":0,"comment_status":"closed","ping_status":"closed","template":"page-blank.php","meta":{"_expiration-date-status":"saved","_expiration-date":0,"_expiration-date-type":"","_expiration-date-categories":[],"_expiration-date-options":[]},"_links":{"self":[{"href":"https:\/\/reitermerch.cudgel.de\/en\/wp-json\/wp\/v2\/pages\/93"}],"collection":[{"href":"https:\/\/reitermerch.cudgel.de\/en\/wp-json\/wp\/v2\/pages"}],"about":[{"href":"https:\/\/reitermerch.cudgel.de\/en\/wp-json\/wp\/v2\/types\/page"}],"author":[{"embeddable":true,"href":"https:\/\/reitermerch.cudgel.de\/en\/wp-json\/wp\/v2\/users\/1"}],"replies":[{"embeddable":true,"href":"https:\/\/reitermerch.cudgel.de\/en\/wp-json\/wp\/v2\/comments?post=93"}],"version-history":[{"count":1,"href":"https:\/\/reitermerch.cudgel.de\/en\/wp-json\/wp\/v2\/pages\/93\/revisions"}],"predecessor-version":[{"id":871088,"href":"https:\/\/reitermerch.cudgel.de\/en\/wp-json\/wp\/v2\/pages\/93\/revisions\/871088"}],"up":[{"embeddable":true,"href":"https:\/\/reitermerch.cudgel.de\/en\/wp-json\/wp\/v2\/pages\/49"}],"wp:attachment":[{"href":"https:\/\/reitermerch.cudgel.de\/en\/wp-json\/wp\/v2\/media?parent=93"}],"curies":[{"name":"wp","href":"https:\/\/api.w.org\/{rel}","templated":true}]}}